{"id":1520,"date":"2017-03-08T07:18:04","date_gmt":"2017-03-08T07:18:04","guid":{"rendered":"http:\/\/localhost\/wp-themes\/car-repair-services\/?page_id=2"},"modified":"2022-12-27T09:46:28","modified_gmt":"2022-12-27T14:46:28","slug":"about-golden-touch-auto-body-shop","status":"publish","type":"page","link":"https:\/\/goldentouchnj.com\/es\/about-golden-touch-auto-body-shop\/","title":{"rendered":"Sobre nosotros"},"content":{"rendered":"<div class=\"wpb-content-wrapper\"><div class=\"vc_row wpb_row vc_row-fluid\"><div class=\"wpb_column vc_column_container vc_col-sm-12\"><div class=\"vc_column-inner\"><div class=\"wpb_wrapper\">\n\t<div class=\"wpb_text_column wpb_content_element\" id=\"30years\">\n\t\t<div class=\"wpb_wrapper\">\n\t\t\t<h2 class=\"h-lg text-center\"><span class=\"S1PPyQ\">30 A\u00d1OS DE EXCELENCIA <br \/>1993-2023<\/span><br \/>\n<\/h2>\n\n\t\t<\/div>\n\t<\/div>\n\n\t<div  class=\"wpb_single_image wpb_content_element vc_align_center wpb_content_element\">\n\t\t\n\t\t<figure class=\"wpb_wrapper vc_figure\">\n\t\t\t<div class=\"vc_single_image-wrapper   vc_box_border_grey\"><img fetchpriority=\"high\" decoding=\"async\" width=\"281\" height=\"300\" src=\"https:\/\/goldentouchnj.com\/wp-content\/uploads\/2022\/12\/Screen-Shot-2022-12-25-at-3.15.30-PM-281x300.png\" class=\"vc_single_image-img attachment-medium\" alt=\"\" title=\"Screen Shot 2022-12-25 at 3.15.30 PM\" srcset=\"https:\/\/goldentouchnj.com\/wp-content\/uploads\/2022\/12\/Screen-Shot-2022-12-25-at-3.15.30-PM-281x300.png 281w, https:\/\/goldentouchnj.com\/wp-content\/uploads\/2022\/12\/Screen-Shot-2022-12-25-at-3.15.30-PM-11x12.png 11w, https:\/\/goldentouchnj.com\/wp-content\/uploads\/2022\/12\/Screen-Shot-2022-12-25-at-3.15.30-PM-460x491.png 460w, https:\/\/goldentouchnj.com\/wp-content\/uploads\/2022\/12\/Screen-Shot-2022-12-25-at-3.15.30-PM-600x640.png 600w, https:\/\/goldentouchnj.com\/wp-content\/uploads\/2022\/12\/Screen-Shot-2022-12-25-at-3.15.30-PM.png 744w\" sizes=\"(max-width: 281px) 100vw, 281px\" \/><\/div>\n\t\t<\/figure>\n\t<\/div>\n\n\t<div class=\"wpb_text_column wpb_content_element\" >\n\t\t<div class=\"wpb_wrapper\">\n\t\t\t<h6><span class=\"S1PPyQ\">Este a\u00f1o Golden Touch Auto Body celebra su <strong>30 aniversario<\/strong>! Nada de esto ser\u00eda posible sin el apoyo continuo de nuestros valiosos clientes, nuestro personal dedicado y profesional y nuestros proveedores. \u00a1Feliz a\u00f1o New a todos! Esperamos poder servirle durante muchos a\u00f1os m\u00e1s.<\/span><\/h6>\n<h6 style=\"text-align: center;\"><strong><span class=\"S1PPyQ\">GRACIAS POR TU LEALTAD<\/span><\/strong><\/h6>\n\n\t\t<\/div>\n\t<\/div>\n\n\t<div  class=\"wpb_single_image wpb_content_element vc_align_center wpb_content_element\">\n\t\t\n\t\t<figure class=\"wpb_wrapper vc_figure\">\n\t\t\t<div class=\"vc_single_image-wrapper   vc_box_border_grey\"><img decoding=\"async\" width=\"300\" height=\"139\" src=\"https:\/\/goldentouchnj.com\/wp-content\/uploads\/2021\/08\/comped-logo-300x139.png\" class=\"vc_single_image-img attachment-medium\" alt=\"\" title=\"comped-logo\" srcset=\"https:\/\/goldentouchnj.com\/wp-content\/uploads\/2021\/08\/comped-logo-300x139.png 300w, https:\/\/goldentouchnj.com\/wp-content\/uploads\/2021\/08\/comped-logo-600x278.png 600w, https:\/\/goldentouchnj.com\/wp-content\/uploads\/2021\/08\/comped-logo.png 752w\" sizes=\"(max-width: 300px) 100vw, 300px\" \/><\/div>\n\t\t<\/figure>\n\t<\/div>\n\n\t<div class=\"wpb_text_column wpb_content_element\" >\n\t\t<div class=\"wpb_wrapper\">\n\t\t\t<h2 class=\"h-lg text-center\">Reputaci\u00f3n de <span class=\"color\">30+ A\u00f1os<\/span> y contando<\/h2>\n\n\t\t<\/div>\n\t<\/div>\n<div class=\"vc_empty_space\"   style=\"height: 15px\"><span class=\"vc_empty_space_inner\"><\/span><\/div>\n\t<div  class=\"wpb_single_image wpb_content_element vc_align_left wpb_content_element\">\n\t\t\n\t\t<figure class=\"wpb_wrapper vc_figure\">\n\t\t\t<div class=\"vc_single_image-wrapper   vc_box_border_grey\"><img decoding=\"async\" width=\"1232\" height=\"615\" src=\"https:\/\/goldentouchnj.com\/wp-content\/uploads\/2021\/06\/Goldentouchnj.com-profile-pic-.jpg\" class=\"vc_single_image-img attachment-full\" alt=\"Goldentouchnj.com-profile-pic-\" title=\"Goldentouchnj.com-profile-pic-\" srcset=\"https:\/\/goldentouchnj.com\/wp-content\/uploads\/2021\/06\/Goldentouchnj.com-profile-pic-.jpg 1232w, https:\/\/goldentouchnj.com\/wp-content\/uploads\/2021\/06\/Goldentouchnj.com-profile-pic--600x300.jpg 600w, https:\/\/goldentouchnj.com\/wp-content\/uploads\/2021\/06\/Goldentouchnj.com-profile-pic--300x150.jpg 300w, https:\/\/goldentouchnj.com\/wp-content\/uploads\/2021\/06\/Goldentouchnj.com-profile-pic--1024x511.jpg 1024w, https:\/\/goldentouchnj.com\/wp-content\/uploads\/2021\/06\/Goldentouchnj.com-profile-pic--768x383.jpg 768w, https:\/\/goldentouchnj.com\/wp-content\/uploads\/2021\/06\/Goldentouchnj.com-profile-pic--870x434.jpg 870w\" sizes=\"(max-width: 1232px) 100vw, 1232px\" \/><\/div>\n\t\t<\/figure>\n\t<\/div>\n<div class=\"vc_row wpb_row vc_inner vc_row-fluid\"><div class=\"wpb_column vc_column_container vc_col-sm-12\"><div class=\"vc_column-inner\"><div class=\"wpb_wrapper\">\n\t<div class=\"wpb_text_column wpb_content_element\" >\n\t\t<div class=\"wpb_wrapper\">\n\t\t\t<p>GoldenTouch AutoBody Shop es un negocio operado y de propiedad familiar ubicado en Newark, NJ, que atiende a nuestra comunidad local y sus alrededores desde 1993. La familia ha estado involucrada en la reparaci\u00f3n general de autom\u00f3viles durante m\u00e1s de 45 a\u00f1os, comenzando en Espa\u00f1a a una edad temprana aprendiendo el oficio y el El negocio sigue creciendo gracias a nuestra dedicaci\u00f3n al servicio y la integridad. Nuestros t\u00e9cnicos certificados por ASE est\u00e1n listos para hacer frente a sus reparaciones de colisi\u00f3n o cualquier desaf\u00edo de carrocer\u00eda que pueda estar experimentando.<\/p>\n<p>En GoldenTouch Autobody solo empleamos a los mejores soldadores i-Car de clase dorada y t\u00e9cnicos capacitados con certificaciones ASE, un organismo que rige el protocolo de conocimientos y habilidades de la industria de reparaci\u00f3n de colisiones automotrices. Conf\u00eda en que tu veh\u00edculo ser\u00e1 reparado por profesionales.<\/p>\n<ul>\n<li><strong>T\u00e9cnicos Certificados ASE<\/strong><\/li>\n<li><strong>T\u00e9cnicos Certificados i-CAR<\/strong><\/li>\n<li><strong>LIC. del estado de NJ. 03266A<\/strong><\/li>\n<li><strong>Clasificado Top 5 en el norte de Jersey<\/strong><\/li>\n<\/ul>\n<p>&nbsp;<\/p>\n<p>Nos enorgullecemos de ser el mejor taller de carrocer\u00eda en New Jersey, brindando la mejor experiencia de servicio al cliente de extremo a extremo. Le garantizamos que su veh\u00edculo se reparar\u00e1 correctamente a tiempo y sin compromiso, utilizando la tecnolog\u00eda &quot;State Of The Art&quot; en nuestras instalaciones junto con t\u00e9cnicos calificados que tienen muchos a\u00f1os de experiencia.<\/p>\n<p class=\"visible-lg\">Realizamos un servicio garantizado de alta calidad en el que puede confiar a un precio justo. Reparamos veh\u00edculos nacionales y extranjeros que van desde autom\u00f3viles, SUV, camiones y veh\u00edculos de flota. Pregunte a nuestro amable y experto equipo de atenci\u00f3n al cliente que est\u00e1 disponible y listo para escuchar sus inquietudes.<\/p>\n\n\t\t<\/div>\n\t<\/div>\n<\/div><\/div><\/div><\/div><\/div><\/div><\/div><\/div><div class=\"vc_row wpb_row vc_row-fluid text-center services-pages-txt about-page-last-content\"><div class=\"wpb_column vc_column_container vc_col-sm-12\"><div class=\"vc_column-inner\"><div class=\"wpb_wrapper\">\n\t<div class=\"wpb_text_column wpb_content_element\" >\n\t\t<div class=\"wpb_wrapper\">\n\t\t\t<div class=\"text-center\">\n<h2 class=\"h-lg\">\u00bfNecesita reparaciones de carrocer\u00eda? <span class=\"color\">No hay necesidad de preocuparse.<\/span><\/h2>\n<p class=\"info\">Nos especializamos en reparaciones de colisiones y haremos el trabajo correctamente. Cont\u00e1ctenos hoy.<\/p>\n<h2 class=\"h-phone\">Llamar: 973-483-2640<\/h2>\n<h2 class=\"h-phone\">Correo electr\u00f3nico: <a href=\"mailto:info@goldentouchnj.com\">info@goldentouchnj.com<\/a><\/h2>\n<\/div>\n\n\t\t<\/div>\n\t<\/div>\n\n\t<div class=\"wpb_text_column wpb_content_element\" >\n\t\t<div class=\"wpb_wrapper\">\n\t\t\t<div id=\"nta-wabutton-1693\" style=\"margin: 30px 0 30px;\"><a target=\"_blank\" href=\"https:\/\/web.whatsapp.com\/send?phone=19734444133\" class=\"wa__button wa__r_button wa__stt_online wa__btn_w_icon\"><div class=\"wa__btn_icon\"><img decoding=\"async\" src=\"https:\/\/goldentouchnj.com\/wp-content\/plugins\/whatsapp-for-wordpress\/assets\/img\/whatsapp_logo.svg\" alt=\"img\"\/><\/div><div class=\"wa__btn_txt\"><div class=\"wa__cs_info\"><div class=\"wa__cs_name\">Bienvenido a GoldenTouch Autobody<\/div><div class=\"wa__cs_status\">En l\u00ednea<\/div><\/div><div class=\"wa__btn_title\">\u00bfC\u00f3mo puedo ayudarte? WhatsApp ahora.<\/div><\/div><\/a><\/div>\n\n\t\t<\/div>\n\t<\/div>\n<\/div><\/div><\/div><\/div>\n<\/div>","protected":false},"excerpt":{"rendered":"30 YEARS OF EXCELLENCE 1993-2023 This year Golden Touch Auto Body is celebrating its 30th anniversary! None of this would be possible without the continued support of our valued clients, our dedicated and professional staff, and our suppliers. Happy New Year to you all! We look forward to serving you for many years to come. [...]","protected":false},"author":1,"featured_media":1845,"parent":0,"menu_order":0,"comment_status":"closed","ping_status":"closed","template":"","meta":{"nf_dc_page":"","footnotes":""},"class_list":["post-1520","page","type-page","status-publish","has-post-thumbnail","hentry"],"yoast_head":"<!-- This site is optimized with the Yoast SEO plugin v27.4 - https:\/\/yoast.com\/product\/yoast-seo-wordpress\/ -->\n<title>About Us - GoldenTouch AutoBody<\/title>\n<meta name=\"description\" content=\"Your Repair Service Specialist awaits you.\" \/>\n<meta name=\"robots\" content=\"index, follow, max-snippet:-1, max-image-preview:large, max-video-preview:-1\" \/>\n<link rel=\"canonical\" href=\"https:\/\/goldentouchnj.com\/es\/about-golden-touch-auto-body-shop\/\" \/>\n<meta property=\"og:locale\" content=\"es_ES\" \/>\n<meta property=\"og:type\" content=\"article\" \/>\n<meta property=\"og:title\" content=\"About Us - GoldenTouch AutoBody\" \/>\n<meta property=\"og:description\" content=\"Your Repair Service Specialist awaits you.\" \/>\n<meta property=\"og:url\" content=\"https:\/\/goldentouchnj.com\/es\/about-golden-touch-auto-body-shop\/\" \/>\n<meta property=\"og:site_name\" content=\"GoldenTouch AutoBody\" \/>\n<meta property=\"article:publisher\" content=\"https:\/\/www.facebook.com\/goldentouchautobody1\" \/>\n<meta property=\"article:modified_time\" content=\"2022-12-27T14:46:28+00:00\" \/>\n<meta property=\"og:image\" content=\"https:\/\/goldentouchnj.com\/wp-content\/uploads\/2021\/06\/Goldentouchnj.com-profile-pic-.jpg\" \/>\n\t<meta property=\"og:image:width\" content=\"1232\" \/>\n\t<meta property=\"og:image:height\" content=\"615\" \/>\n\t<meta property=\"og:image:type\" content=\"image\/jpeg\" \/>\n<meta name=\"twitter:card\" content=\"summary_large_image\" \/>\n<meta name=\"twitter:site\" content=\"@AutobodyTouch\" \/>\n<meta name=\"twitter:label1\" content=\"Tiempo de lectura\" \/>\n\t<meta name=\"twitter:data1\" content=\"4 minutos\" \/>\n<script type=\"application\/ld+json\" class=\"yoast-schema-graph\">{\"@context\":\"https:\\\/\\\/schema.org\",\"@graph\":[{\"@type\":\"WebPage\",\"@id\":\"https:\\\/\\\/goldentouchnj.com\\\/about-golden-touch-auto-body-shop\\\/\",\"url\":\"https:\\\/\\\/goldentouchnj.com\\\/about-golden-touch-auto-body-shop\\\/\",\"name\":\"About Us - GoldenTouch AutoBody\",\"isPartOf\":{\"@id\":\"https:\\\/\\\/goldentouchnj.com\\\/#website\"},\"primaryImageOfPage\":{\"@id\":\"https:\\\/\\\/goldentouchnj.com\\\/about-golden-touch-auto-body-shop\\\/#primaryimage\"},\"image\":{\"@id\":\"https:\\\/\\\/goldentouchnj.com\\\/about-golden-touch-auto-body-shop\\\/#primaryimage\"},\"thumbnailUrl\":\"https:\\\/\\\/goldentouchnj.com\\\/wp-content\\\/uploads\\\/2021\\\/06\\\/Goldentouchnj.com-profile-pic-.jpg\",\"datePublished\":\"2017-03-08T07:18:04+00:00\",\"dateModified\":\"2022-12-27T14:46:28+00:00\",\"description\":\"Your Repair Service Specialist awaits you.\",\"breadcrumb\":{\"@id\":\"https:\\\/\\\/goldentouchnj.com\\\/about-golden-touch-auto-body-shop\\\/#breadcrumb\"},\"inLanguage\":\"es\",\"potentialAction\":[{\"@type\":\"ReadAction\",\"target\":[\"https:\\\/\\\/goldentouchnj.com\\\/about-golden-touch-auto-body-shop\\\/\"]}]},{\"@type\":\"ImageObject\",\"inLanguage\":\"es\",\"@id\":\"https:\\\/\\\/goldentouchnj.com\\\/about-golden-touch-auto-body-shop\\\/#primaryimage\",\"url\":\"https:\\\/\\\/goldentouchnj.com\\\/wp-content\\\/uploads\\\/2021\\\/06\\\/Goldentouchnj.com-profile-pic-.jpg\",\"contentUrl\":\"https:\\\/\\\/goldentouchnj.com\\\/wp-content\\\/uploads\\\/2021\\\/06\\\/Goldentouchnj.com-profile-pic-.jpg\",\"width\":1232,\"height\":615,\"caption\":\"Goldentouchnj.com-profile-pic-\"},{\"@type\":\"BreadcrumbList\",\"@id\":\"https:\\\/\\\/goldentouchnj.com\\\/about-golden-touch-auto-body-shop\\\/#breadcrumb\",\"itemListElement\":[{\"@type\":\"ListItem\",\"position\":1,\"name\":\"Home\",\"item\":\"https:\\\/\\\/goldentouchnj.com\\\/\"},{\"@type\":\"ListItem\",\"position\":2,\"name\":\"About Us\"}]},{\"@type\":\"WebSite\",\"@id\":\"https:\\\/\\\/goldentouchnj.com\\\/#website\",\"url\":\"https:\\\/\\\/goldentouchnj.com\\\/\",\"name\":\"GoldenTouch AutoBody\",\"description\":\"Your Repair Service Specialist awaits you.\",\"publisher\":{\"@id\":\"https:\\\/\\\/goldentouchnj.com\\\/#organization\"},\"potentialAction\":[{\"@type\":\"SearchAction\",\"target\":{\"@type\":\"EntryPoint\",\"urlTemplate\":\"https:\\\/\\\/goldentouchnj.com\\\/?s={search_term_string}\"},\"query-input\":{\"@type\":\"PropertyValueSpecification\",\"valueRequired\":true,\"valueName\":\"search_term_string\"}}],\"inLanguage\":\"es\"},{\"@type\":\"Organization\",\"@id\":\"https:\\\/\\\/goldentouchnj.com\\\/#organization\",\"name\":\"Golden Touch Auto Body\",\"url\":\"https:\\\/\\\/goldentouchnj.com\\\/\",\"logo\":{\"@type\":\"ImageObject\",\"inLanguage\":\"es\",\"@id\":\"https:\\\/\\\/goldentouchnj.com\\\/#\\\/schema\\\/logo\\\/image\\\/\",\"url\":\"https:\\\/\\\/goldentouchnj.com\\\/golden_2021\\\/wp-content\\\/uploads\\\/2022\\\/03\\\/Goldentouch-logo-250px_x100px.png\",\"contentUrl\":\"https:\\\/\\\/goldentouchnj.com\\\/golden_2021\\\/wp-content\\\/uploads\\\/2022\\\/03\\\/Goldentouch-logo-250px_x100px.png\",\"width\":216,\"height\":100,\"caption\":\"Golden Touch Auto Body\"},\"image\":{\"@id\":\"https:\\\/\\\/goldentouchnj.com\\\/#\\\/schema\\\/logo\\\/image\\\/\"},\"sameAs\":[\"https:\\\/\\\/www.facebook.com\\\/goldentouchautobody1\",\"https:\\\/\\\/x.com\\\/AutobodyTouch\",\"https:\\\/\\\/www.instagram.com\\\/goldentouchautobody1\\\/\"]}]}<\/script>\n<!-- \/ Yoast SEO plugin. -->","yoast_head_json":{"title":"About Us - GoldenTouch AutoBody","description":"Su especialista en servicio de reparaci\u00f3n lo espera.","robots":{"index":"index","follow":"follow","max-snippet":"max-snippet:-1","max-image-preview":"max-image-preview:large","max-video-preview":"max-video-preview:-1"},"canonical":"https:\/\/goldentouchnj.com\/es\/about-golden-touch-auto-body-shop\/","og_locale":"es_ES","og_type":"article","og_title":"About Us - GoldenTouch AutoBody","og_description":"Your Repair Service Specialist awaits you.","og_url":"https:\/\/goldentouchnj.com\/es\/about-golden-touch-auto-body-shop\/","og_site_name":"GoldenTouch AutoBody","article_publisher":"https:\/\/www.facebook.com\/goldentouchautobody1","article_modified_time":"2022-12-27T14:46:28+00:00","og_image":[{"width":1232,"height":615,"url":"https:\/\/goldentouchnj.com\/wp-content\/uploads\/2021\/06\/Goldentouchnj.com-profile-pic-.jpg","type":"image\/jpeg"}],"twitter_card":"summary_large_image","twitter_site":"@AutobodyTouch","twitter_misc":{"Tiempo de lectura":"4 minutos"},"schema":{"@context":"https:\/\/schema.org","@graph":[{"@type":"WebPage","@id":"https:\/\/goldentouchnj.com\/about-golden-touch-auto-body-shop\/","url":"https:\/\/goldentouchnj.com\/about-golden-touch-auto-body-shop\/","name":"About Us - GoldenTouch AutoBody","isPartOf":{"@id":"https:\/\/goldentouchnj.com\/#website"},"primaryImageOfPage":{"@id":"https:\/\/goldentouchnj.com\/about-golden-touch-auto-body-shop\/#primaryimage"},"image":{"@id":"https:\/\/goldentouchnj.com\/about-golden-touch-auto-body-shop\/#primaryimage"},"thumbnailUrl":"https:\/\/goldentouchnj.com\/wp-content\/uploads\/2021\/06\/Goldentouchnj.com-profile-pic-.jpg","datePublished":"2017-03-08T07:18:04+00:00","dateModified":"2022-12-27T14:46:28+00:00","description":"Su especialista en servicio de reparaci\u00f3n lo espera.","breadcrumb":{"@id":"https:\/\/goldentouchnj.com\/about-golden-touch-auto-body-shop\/#breadcrumb"},"inLanguage":"es","potentialAction":[{"@type":"ReadAction","target":["https:\/\/goldentouchnj.com\/about-golden-touch-auto-body-shop\/"]}]},{"@type":"ImageObject","inLanguage":"es","@id":"https:\/\/goldentouchnj.com\/about-golden-touch-auto-body-shop\/#primaryimage","url":"https:\/\/goldentouchnj.com\/wp-content\/uploads\/2021\/06\/Goldentouchnj.com-profile-pic-.jpg","contentUrl":"https:\/\/goldentouchnj.com\/wp-content\/uploads\/2021\/06\/Goldentouchnj.com-profile-pic-.jpg","width":1232,"height":615,"caption":"Goldentouchnj.com-profile-pic-"},{"@type":"BreadcrumbList","@id":"https:\/\/goldentouchnj.com\/about-golden-touch-auto-body-shop\/#breadcrumb","itemListElement":[{"@type":"ListItem","position":1,"name":"Home","item":"https:\/\/goldentouchnj.com\/"},{"@type":"ListItem","position":2,"name":"About Us"}]},{"@type":"WebSite","@id":"https:\/\/goldentouchnj.com\/#website","url":"https:\/\/goldentouchnj.com\/","name":"Carrocer\u00eda GoldenTouch","description":"Su especialista en servicio de reparaci\u00f3n lo espera.","publisher":{"@id":"https:\/\/goldentouchnj.com\/#organization"},"potentialAction":[{"@type":"SearchAction","target":{"@type":"EntryPoint","urlTemplate":"https:\/\/goldentouchnj.com\/?s={search_term_string}"},"query-input":{"@type":"PropertyValueSpecification","valueRequired":true,"valueName":"search_term_string"}}],"inLanguage":"es"},{"@type":"Organization","@id":"https:\/\/goldentouchnj.com\/#organization","name":"Carrocer\u00eda Golden Touch","url":"https:\/\/goldentouchnj.com\/","logo":{"@type":"ImageObject","inLanguage":"es","@id":"https:\/\/goldentouchnj.com\/#\/schema\/logo\/image\/","url":"https:\/\/goldentouchnj.com\/golden_2021\/wp-content\/uploads\/2022\/03\/Goldentouch-logo-250px_x100px.png","contentUrl":"https:\/\/goldentouchnj.com\/golden_2021\/wp-content\/uploads\/2022\/03\/Goldentouch-logo-250px_x100px.png","width":216,"height":100,"caption":"Golden Touch Auto Body"},"image":{"@id":"https:\/\/goldentouchnj.com\/#\/schema\/logo\/image\/"},"sameAs":["https:\/\/www.facebook.com\/goldentouchautobody1","https:\/\/x.com\/AutobodyTouch","https:\/\/www.instagram.com\/goldentouchautobody1\/"]}]}},"_links":{"self":[{"href":"https:\/\/goldentouchnj.com\/es\/wp-json\/wp\/v2\/pages\/1520","targetHints":{"allow":["GET"]}}],"collection":[{"href":"https:\/\/goldentouchnj.com\/es\/wp-json\/wp\/v2\/pages"}],"about":[{"href":"https:\/\/goldentouchnj.com\/es\/wp-json\/wp\/v2\/types\/page"}],"author":[{"embeddable":true,"href":"https:\/\/goldentouchnj.com\/es\/wp-json\/wp\/v2\/users\/1"}],"replies":[{"embeddable":true,"href":"https:\/\/goldentouchnj.com\/es\/wp-json\/wp\/v2\/comments?post=1520"}],"version-history":[{"count":5,"href":"https:\/\/goldentouchnj.com\/es\/wp-json\/wp\/v2\/pages\/1520\/revisions"}],"predecessor-version":[{"id":2387,"href":"https:\/\/goldentouchnj.com\/es\/wp-json\/wp\/v2\/pages\/1520\/revisions\/2387"}],"wp:featuredmedia":[{"embeddable":true,"href":"https:\/\/goldentouchnj.com\/es\/wp-json\/wp\/v2\/media\/1845"}],"wp:attachment":[{"href":"https:\/\/goldentouchnj.com\/es\/wp-json\/wp\/v2\/media?parent=1520"}],"curies":[{"name":"wp","href":"https:\/\/api.w.org\/{rel}","templated":true}]}}