{"id":3192,"date":"2023-09-21T23:34:16","date_gmt":"2023-09-22T03:34:16","guid":{"rendered":"https:\/\/goldentouchnj.com\/?page_id=3192"},"modified":"2023-09-22T13:47:54","modified_gmt":"2023-09-22T17:47:54","slug":"faq-2","status":"publish","type":"page","link":"https:\/\/goldentouchnj.com\/es\/faq-2\/","title":{"rendered":"Preguntas m\u00e1s frecuentes"},"content":{"rendered":"<div class=\"wpb-content-wrapper\"><div class=\"vc_row wpb_row vc_row-fluid\"><div class=\"wpb_column vc_column_container vc_col-sm-12\"><div class=\"vc_column-inner\"><div class=\"wpb_wrapper\"><h3>Preguntas frecuentes<\/h3><div class=\"faq-items-sm panel-group\" id=\"accordionFaq\">    <div class=\"faq-item-sm panel panel-default\">\r\n        <div class=\"panel-heading\" id=\"headingTwo\">\r\n            <h4 class=\"panel-title\"><a data-toggle=\"collapse\" href=\"#faq69ecaed3e9c27\" data-parent=\"#accordionFaq\" class=\"collapsed\">  \u00bfTengo derecho a elegir el taller de reparaci\u00f3n que quiero?<span class=\"caret-toggle closed\">\u2013<\/span><span class=\"caret-toggle opened\">+<\/span><\/a><\/h4>\r\n        <\/div>\r\n        <div id=\"faq69ecaed3e9c27\" class=\"panel-collapse collapse\">\r\n            <div class=\"panel-body\">\r\n                 S\u00ed, tienes derecho a elegir Golden Touch Auto Body. Trabajamos con todas las compa\u00f1\u00edas de seguros y protegeremos sus intereses.            <\/div>\r\n        <\/div>\r\n    <\/div>\r\n        <div class=\"faq-item-sm panel panel-default\">\r\n        <div class=\"panel-heading\" id=\"headingTwo\">\r\n            <h4 class=\"panel-title\"><a data-toggle=\"collapse\" href=\"#faq69ecaed3e9c3f\" data-parent=\"#accordionFaq\" class=\"collapsed\">  \u00bfTengo que llevar mi coche al taller con el presupuesto m\u00e1s barato?<span class=\"caret-toggle closed\">\u2013<\/span><span class=\"caret-toggle opened\">+<\/span><\/a><\/h4>\r\n        <\/div>\r\n        <div id=\"faq69ecaed3e9c3f\" class=\"panel-collapse collapse\">\r\n            <div class=\"panel-body\">\r\n                 No. Trabajaremos con su compa\u00f1\u00eda de seguros.            <\/div>\r\n        <\/div>\r\n    <\/div>\r\n        <div class=\"faq-item-sm panel panel-default\">\r\n        <div class=\"panel-heading\" id=\"headingTwo\">\r\n            <h4 class=\"panel-title\"><a data-toggle=\"collapse\" href=\"#faq69ecaed3e9c48\" data-parent=\"#accordionFaq\" class=\"collapsed\">  \u00bfNo tengo que llevar mi coche al taller elegido por mi compa\u00f1\u00eda de seguros?<span class=\"caret-toggle closed\">\u2013<\/span><span class=\"caret-toggle opened\">+<\/span><\/a><\/h4>\r\n        <\/div>\r\n        <div id=\"faq69ecaed3e9c48\" class=\"panel-collapse collapse\">\r\n            <div class=\"panel-body\">\r\n                 No. RECUERDA... \u00a1Es tu elecci\u00f3n! \u00a1Ll\u00e9valo a lo mejor!            <\/div>\r\n        <\/div>\r\n    <\/div>\r\n        <div class=\"faq-item-sm panel panel-default\">\r\n        <div class=\"panel-heading\" id=\"headingTwo\">\r\n            <h4 class=\"panel-title\"><a data-toggle=\"collapse\" href=\"#faq69ecaed3e9c4f\" data-parent=\"#accordionFaq\" class=\"collapsed\">  \u00bfTengo que obtener tres presupuestos por escrito?<span class=\"caret-toggle closed\">\u2013<\/span><span class=\"caret-toggle opened\">+<\/span><\/a><\/h4>\r\n        <\/div>\r\n        <div id=\"faq69ecaed3e9c4f\" class=\"panel-collapse collapse\">\r\n            <div class=\"panel-body\">\r\n                 No. Si lo solicita, puede proporcionar un presupuesto del taller donde desea realizar el trabajo de reparaci\u00f3n.            <\/div>\r\n        <\/div>\r\n    <\/div>\r\n        <div class=\"faq-item-sm panel panel-default\">\r\n        <div class=\"panel-heading\" id=\"headingTwo\">\r\n            <h4 class=\"panel-title\"><a data-toggle=\"collapse\" href=\"#faq69ecaed3e9c55\" data-parent=\"#accordionFaq\" class=\"collapsed\">  \u00bfTengo derecho a un coche de alquiler?<span class=\"caret-toggle closed\">\u2013<\/span><span class=\"caret-toggle opened\">+<\/span><\/a><\/h4>\r\n        <\/div>\r\n        <div id=\"faq69ecaed3e9c55\" class=\"panel-collapse collapse\">\r\n            <div class=\"panel-body\">\r\n                 Si usted es el reclamante (no tuvo la culpa), tiene derecho a un autom\u00f3vil de alquiler durante el tiempo que su autom\u00f3vil est\u00e9 en reparaci\u00f3n por hasta 30 d\u00edas. Los asegurados consultan la cobertura de tu p\u00f3liza o preguntan a tu agente.            <\/div>\r\n        <\/div>\r\n    <\/div>\r\n        <div class=\"faq-item-sm panel panel-default\">\r\n        <div class=\"panel-heading\" id=\"headingTwo\">\r\n            <h4 class=\"panel-title\"><a data-toggle=\"collapse\" href=\"#faq69ecaed3e9c5c\" data-parent=\"#accordionFaq\" class=\"collapsed\">  \u00bfD\u00f3nde consigo un n\u00famero de reclamo?<span class=\"caret-toggle closed\">\u2013<\/span><span class=\"caret-toggle opened\">+<\/span><\/a><\/h4>\r\n        <\/div>\r\n        <div id=\"faq69ecaed3e9c5c\" class=\"panel-collapse collapse\">\r\n            <div class=\"panel-body\">\r\n                 Los n\u00fameros de reclamo los emite su compa\u00f1\u00eda de seguros en el momento en que informa su accidente. Simplemente an\u00f3telo y tr\u00e1igalo con usted cuando venga para comenzar el proceso de reparaci\u00f3n. Nosotros haremos el resto.            <\/div>\r\n        <\/div>\r\n    <\/div>\r\n        <div class=\"faq-item-sm panel panel-default\">\r\n        <div class=\"panel-heading\" id=\"headingTwo\">\r\n            <h4 class=\"panel-title\"><a data-toggle=\"collapse\" href=\"#faq69ecaed3e9c64\" data-parent=\"#accordionFaq\" class=\"collapsed\">  \u00bfSi se da\u00f1a el chasis de mi veh\u00edculo es una p\u00e9rdida total?<span class=\"caret-toggle closed\">\u2013<\/span><span class=\"caret-toggle opened\">+<\/span><\/a><\/h4>\r\n        <\/div>\r\n        <div id=\"faq69ecaed3e9c64\" class=\"panel-collapse collapse\">\r\n            <div class=\"panel-body\">\r\n                 No. Un autom\u00f3vil es una p\u00e9rdida total s\u00f3lo cuando el precio de las reparaciones excede el valor determinado por la compa\u00f1\u00eda de seguros para su veh\u00edculo. Hoy en d\u00eda, la mayor\u00eda de los autom\u00f3viles se construyen con una estructura unibody (bastidor y carrocer\u00eda como uno solo). Nuestros t\u00e9cnicos altamente calificados, con la ayuda de nuestro sistema de medici\u00f3n por computadora de \u00faltima generaci\u00f3n, pueden devolver su veh\u00edculo a sus especificaciones originales de f\u00e1brica. Si se determina que la secci\u00f3n del marco est\u00e1 doblada sin posibilidad de reparaci\u00f3n, esa secci\u00f3n puede simplemente reemplazarse.            <\/div>\r\n        <\/div>\r\n    <\/div>\r\n        <div class=\"faq-item-sm panel panel-default\">\r\n        <div class=\"panel-heading\" id=\"headingTwo\">\r\n            <h4 class=\"panel-title\"><a data-toggle=\"collapse\" href=\"#faq69ecaed3e9c6c\" data-parent=\"#accordionFaq\" class=\"collapsed\">  \u00bfPuedes combinar el color de la pintura?<span class=\"caret-toggle closed\">\u2013<\/span><span class=\"caret-toggle opened\">+<\/span><\/a><\/h4>\r\n        <\/div>\r\n        <div id=\"faq69ecaed3e9c6c\" class=\"panel-collapse collapse\">\r\n            <div class=\"panel-body\">\r\n                 S\u00ed. Los acabados de f\u00e1brica modernos de hoy incorporan m\u00faltiples capas de pinturas altamente especializadas. Hemos realizado una importante inversi\u00f3n en el mejor sistema de pintura disponible y actualizamos constantemente la tecnolog\u00eda y el equipo para garantizar que la pintura de cada veh\u00edculo coincida. Estamos especialmente orgullosos de nuestra capacidad para igualar los acabados de f\u00e1brica como paso final en el proceso de restauraci\u00f3n.            <\/div>\r\n        <\/div>\r\n    <\/div>\r\n        <div class=\"faq-item-sm panel panel-default\">\r\n        <div class=\"panel-heading\" id=\"headingTwo\">\r\n            <h4 class=\"panel-title\"><a data-toggle=\"collapse\" href=\"#faq69ecaed3e9c72\" data-parent=\"#accordionFaq\" class=\"collapsed\">  \u00bfCu\u00e1nto tiempo tardar\u00e1n las reparaciones de mi veh\u00edculo?<span class=\"caret-toggle closed\">\u2013<\/span><span class=\"caret-toggle opened\">+<\/span><\/a><\/h4>\r\n        <\/div>\r\n        <div id=\"faq69ecaed3e9c72\" class=\"panel-collapse collapse\">\r\n            <div class=\"panel-body\">\r\n                 Su asesor puede darle una estimaci\u00f3n del tiempo que tomar\u00e1 completar las reparaciones de su veh\u00edculo. Aseg\u00farese de consultar con su asesor las especificaciones de su veh\u00edculo.            <\/div>\r\n        <\/div>\r\n    <\/div>\r\n        <div class=\"faq-item-sm panel panel-default\">\r\n        <div class=\"panel-heading\" id=\"headingTwo\">\r\n            <h4 class=\"panel-title\"><a data-toggle=\"collapse\" href=\"#faq69ecaed3e9c77\" data-parent=\"#accordionFaq\" class=\"collapsed\">  \u00bfC\u00f3mo puedo conseguir un coche de alquiler?<span class=\"caret-toggle closed\">\u2013<\/span><span class=\"caret-toggle opened\">+<\/span><\/a><\/h4>\r\n        <\/div>\r\n        <div id=\"faq69ecaed3e9c77\" class=\"panel-collapse collapse\">\r\n            <div class=\"panel-body\">\r\n                 Si necesita un autom\u00f3vil de alquiler, puede consultar el sitio web de su compa\u00f1\u00eda de seguros para conocer sus agencias y procedimientos aprobados.             <\/div>\r\n        <\/div>\r\n    <\/div>\r\n        <div class=\"faq-item-sm panel panel-default\">\r\n        <div class=\"panel-heading\" id=\"headingTwo\">\r\n            <h4 class=\"panel-title\"><a data-toggle=\"collapse\" href=\"#faq69ecaed3e9c7c\" data-parent=\"#accordionFaq\" class=\"collapsed\">  \u00bfHay garant\u00eda en las reparaciones de mi veh\u00edculo?<span class=\"caret-toggle closed\">\u2013<\/span><span class=\"caret-toggle opened\">+<\/span><\/a><\/h4>\r\n        <\/div>\r\n        <div id=\"faq69ecaed3e9c7c\" class=\"panel-collapse collapse\">\r\n            <div class=\"panel-body\">\r\n                 Garantizamos todas las reparaciones ya que respaldamos la calidad del trabajo.            <\/div>\r\n        <\/div>\r\n    <\/div>\r\n        <div class=\"faq-item-sm panel panel-default\">\r\n        <div class=\"panel-heading\" id=\"headingTwo\">\r\n            <h4 class=\"panel-title\"><a data-toggle=\"collapse\" href=\"#faq69ecaed3e9c81\" data-parent=\"#accordionFaq\" class=\"collapsed\">  \u00bfTengo que pagar un deducible?<span class=\"caret-toggle closed\">\u2013<\/span><span class=\"caret-toggle opened\">+<\/span><\/a><\/h4>\r\n        <\/div>\r\n        <div id=\"faq69ecaed3e9c81\" class=\"panel-collapse collapse\">\r\n            <div class=\"panel-body\">\r\n                 El monto del deducible del que usted ser\u00e1 responsable lo determina su p\u00f3liza de seguro. Consulte su p\u00f3liza o llame a su agente.            <\/div>\r\n        <\/div>\r\n    <\/div>\r\n        <div class=\"faq-item-sm panel panel-default\">\r\n        <div class=\"panel-heading\" id=\"headingTwo\">\r\n            <h4 class=\"panel-title\"><a data-toggle=\"collapse\" href=\"#faq69ecaed3e9c87\" data-parent=\"#accordionFaq\" class=\"collapsed\">  \u00bfA qui\u00e9n le pago mi deducible?<span class=\"caret-toggle closed\">\u2013<\/span><span class=\"caret-toggle opened\">+<\/span><\/a><\/h4>\r\n        <\/div>\r\n        <div id=\"faq69ecaed3e9c87\" class=\"panel-collapse collapse\">\r\n            <div class=\"panel-body\">\r\n                 Si no se renuncia a su deducible, ser\u00e1 su responsabilidad pagarnos cuando recoja su veh\u00edculo. Si no est\u00e1 seguro de su deducible, puede llamar a su agente y \u00e9l le dir\u00e1 si su compa\u00f1\u00eda de seguros ha renunciado a su deducible o si ser\u00e1 su responsabilidad.            <\/div>\r\n        <\/div>\r\n    <\/div>\r\n    <\/div><\/div><\/div><\/div><\/div>\n<\/div>","protected":false},"excerpt":{"rendered":"Frequently Asked Questions Do I have the right to choose the repair shop I want?\u2013+ Yes, you have the right to choose Golden Touch Auto Body. We work with all insurance companies and will protect your interests. Do I have to take my car to the shop with the cheapest estimate?\u2013+ No. We will work [...]","protected":false},"author":7,"featured_media":0,"parent":0,"menu_order":0,"comment_status":"closed","ping_status":"closed","template":"","meta":{"nf_dc_page":"","footnotes":""},"class_list":["post-3192","page","type-page","status-publish","hentry"],"yoast_head":"<!-- This site is optimized with the Yoast SEO plugin v27.4 - https:\/\/yoast.com\/product\/yoast-seo-wordpress\/ -->\n<title>FAQ - GoldenTouch AutoBody<\/title>\n<meta name=\"description\" content=\"Your Repair Service Specialist awaits you.\" \/>\n<meta name=\"robots\" content=\"index, follow, max-snippet:-1, max-image-preview:large, max-video-preview:-1\" \/>\n<link rel=\"canonical\" href=\"https:\/\/goldentouchnj.com\/es\/faq-2\/\" \/>\n<meta property=\"og:locale\" content=\"es_ES\" \/>\n<meta property=\"og:type\" content=\"article\" \/>\n<meta property=\"og:title\" content=\"FAQ - GoldenTouch AutoBody\" \/>\n<meta property=\"og:description\" content=\"Your Repair Service Specialist awaits you.\" \/>\n<meta property=\"og:url\" content=\"https:\/\/goldentouchnj.com\/es\/faq-2\/\" \/>\n<meta property=\"og:site_name\" content=\"GoldenTouch AutoBody\" \/>\n<meta property=\"article:publisher\" content=\"https:\/\/www.facebook.com\/goldentouchautobody1\" \/>\n<meta property=\"article:modified_time\" content=\"2023-09-22T17:47:54+00:00\" \/>\n<meta name=\"twitter:card\" content=\"summary_large_image\" \/>\n<meta name=\"twitter:site\" content=\"@AutobodyTouch\" \/>\n<script type=\"application\/ld+json\" class=\"yoast-schema-graph\">{\"@context\":\"https:\\\/\\\/schema.org\",\"@graph\":[{\"@type\":\"WebPage\",\"@id\":\"https:\\\/\\\/goldentouchnj.com\\\/faq-2\\\/\",\"url\":\"https:\\\/\\\/goldentouchnj.com\\\/faq-2\\\/\",\"name\":\"FAQ - GoldenTouch AutoBody\",\"isPartOf\":{\"@id\":\"https:\\\/\\\/goldentouchnj.com\\\/#website\"},\"datePublished\":\"2023-09-22T03:34:16+00:00\",\"dateModified\":\"2023-09-22T17:47:54+00:00\",\"description\":\"Your Repair Service Specialist awaits you.\",\"breadcrumb\":{\"@id\":\"https:\\\/\\\/goldentouchnj.com\\\/faq-2\\\/#breadcrumb\"},\"inLanguage\":\"es\",\"potentialAction\":[{\"@type\":\"ReadAction\",\"target\":[\"https:\\\/\\\/goldentouchnj.com\\\/faq-2\\\/\"]}]},{\"@type\":\"BreadcrumbList\",\"@id\":\"https:\\\/\\\/goldentouchnj.com\\\/faq-2\\\/#breadcrumb\",\"itemListElement\":[{\"@type\":\"ListItem\",\"position\":1,\"name\":\"Home\",\"item\":\"https:\\\/\\\/goldentouchnj.com\\\/\"},{\"@type\":\"ListItem\",\"position\":2,\"name\":\"FAQ\"}]},{\"@type\":\"WebSite\",\"@id\":\"https:\\\/\\\/goldentouchnj.com\\\/#website\",\"url\":\"https:\\\/\\\/goldentouchnj.com\\\/\",\"name\":\"GoldenTouch AutoBody\",\"description\":\"Your Repair Service Specialist awaits you.\",\"publisher\":{\"@id\":\"https:\\\/\\\/goldentouchnj.com\\\/#organization\"},\"potentialAction\":[{\"@type\":\"SearchAction\",\"target\":{\"@type\":\"EntryPoint\",\"urlTemplate\":\"https:\\\/\\\/goldentouchnj.com\\\/?s={search_term_string}\"},\"query-input\":{\"@type\":\"PropertyValueSpecification\",\"valueRequired\":true,\"valueName\":\"search_term_string\"}}],\"inLanguage\":\"es\"},{\"@type\":\"Organization\",\"@id\":\"https:\\\/\\\/goldentouchnj.com\\\/#organization\",\"name\":\"Golden Touch Auto Body\",\"url\":\"https:\\\/\\\/goldentouchnj.com\\\/\",\"logo\":{\"@type\":\"ImageObject\",\"inLanguage\":\"es\",\"@id\":\"https:\\\/\\\/goldentouchnj.com\\\/#\\\/schema\\\/logo\\\/image\\\/\",\"url\":\"https:\\\/\\\/goldentouchnj.com\\\/golden_2021\\\/wp-content\\\/uploads\\\/2022\\\/03\\\/Goldentouch-logo-250px_x100px.png\",\"contentUrl\":\"https:\\\/\\\/goldentouchnj.com\\\/golden_2021\\\/wp-content\\\/uploads\\\/2022\\\/03\\\/Goldentouch-logo-250px_x100px.png\",\"width\":216,\"height\":100,\"caption\":\"Golden Touch Auto Body\"},\"image\":{\"@id\":\"https:\\\/\\\/goldentouchnj.com\\\/#\\\/schema\\\/logo\\\/image\\\/\"},\"sameAs\":[\"https:\\\/\\\/www.facebook.com\\\/goldentouchautobody1\",\"https:\\\/\\\/x.com\\\/AutobodyTouch\",\"https:\\\/\\\/www.instagram.com\\\/goldentouchautobody1\\\/\"]}]}<\/script>\n<!-- \/ Yoast SEO plugin. -->","yoast_head_json":{"title":"FAQ - GoldenTouch AutoBody","description":"Su especialista en servicio de reparaci\u00f3n lo espera.","robots":{"index":"index","follow":"follow","max-snippet":"max-snippet:-1","max-image-preview":"max-image-preview:large","max-video-preview":"max-video-preview:-1"},"canonical":"https:\/\/goldentouchnj.com\/es\/faq-2\/","og_locale":"es_ES","og_type":"article","og_title":"FAQ - GoldenTouch AutoBody","og_description":"Your Repair Service Specialist awaits you.","og_url":"https:\/\/goldentouchnj.com\/es\/faq-2\/","og_site_name":"GoldenTouch AutoBody","article_publisher":"https:\/\/www.facebook.com\/goldentouchautobody1","article_modified_time":"2023-09-22T17:47:54+00:00","twitter_card":"summary_large_image","twitter_site":"@AutobodyTouch","schema":{"@context":"https:\/\/schema.org","@graph":[{"@type":"WebPage","@id":"https:\/\/goldentouchnj.com\/faq-2\/","url":"https:\/\/goldentouchnj.com\/faq-2\/","name":"FAQ - GoldenTouch AutoBody","isPartOf":{"@id":"https:\/\/goldentouchnj.com\/#website"},"datePublished":"2023-09-22T03:34:16+00:00","dateModified":"2023-09-22T17:47:54+00:00","description":"Su especialista en servicio de reparaci\u00f3n lo espera.","breadcrumb":{"@id":"https:\/\/goldentouchnj.com\/faq-2\/#breadcrumb"},"inLanguage":"es","potentialAction":[{"@type":"ReadAction","target":["https:\/\/goldentouchnj.com\/faq-2\/"]}]},{"@type":"BreadcrumbList","@id":"https:\/\/goldentouchnj.com\/faq-2\/#breadcrumb","itemListElement":[{"@type":"ListItem","position":1,"name":"Home","item":"https:\/\/goldentouchnj.com\/"},{"@type":"ListItem","position":2,"name":"FAQ"}]},{"@type":"WebSite","@id":"https:\/\/goldentouchnj.com\/#website","url":"https:\/\/goldentouchnj.com\/","name":"Carrocer\u00eda GoldenTouch","description":"Su especialista en servicio de reparaci\u00f3n lo espera.","publisher":{"@id":"https:\/\/goldentouchnj.com\/#organization"},"potentialAction":[{"@type":"SearchAction","target":{"@type":"EntryPoint","urlTemplate":"https:\/\/goldentouchnj.com\/?s={search_term_string}"},"query-input":{"@type":"PropertyValueSpecification","valueRequired":true,"valueName":"search_term_string"}}],"inLanguage":"es"},{"@type":"Organization","@id":"https:\/\/goldentouchnj.com\/#organization","name":"Carrocer\u00eda Golden Touch","url":"https:\/\/goldentouchnj.com\/","logo":{"@type":"ImageObject","inLanguage":"es","@id":"https:\/\/goldentouchnj.com\/#\/schema\/logo\/image\/","url":"https:\/\/goldentouchnj.com\/golden_2021\/wp-content\/uploads\/2022\/03\/Goldentouch-logo-250px_x100px.png","contentUrl":"https:\/\/goldentouchnj.com\/golden_2021\/wp-content\/uploads\/2022\/03\/Goldentouch-logo-250px_x100px.png","width":216,"height":100,"caption":"Golden Touch Auto Body"},"image":{"@id":"https:\/\/goldentouchnj.com\/#\/schema\/logo\/image\/"},"sameAs":["https:\/\/www.facebook.com\/goldentouchautobody1","https:\/\/x.com\/AutobodyTouch","https:\/\/www.instagram.com\/goldentouchautobody1\/"]}]}},"_links":{"self":[{"href":"https:\/\/goldentouchnj.com\/es\/wp-json\/wp\/v2\/pages\/3192","targetHints":{"allow":["GET"]}}],"collection":[{"href":"https:\/\/goldentouchnj.com\/es\/wp-json\/wp\/v2\/pages"}],"about":[{"href":"https:\/\/goldentouchnj.com\/es\/wp-json\/wp\/v2\/types\/page"}],"author":[{"embeddable":true,"href":"https:\/\/goldentouchnj.com\/es\/wp-json\/wp\/v2\/users\/7"}],"replies":[{"embeddable":true,"href":"https:\/\/goldentouchnj.com\/es\/wp-json\/wp\/v2\/comments?post=3192"}],"version-history":[{"count":4,"href":"https:\/\/goldentouchnj.com\/es\/wp-json\/wp\/v2\/pages\/3192\/revisions"}],"predecessor-version":[{"id":3198,"href":"https:\/\/goldentouchnj.com\/es\/wp-json\/wp\/v2\/pages\/3192\/revisions\/3198"}],"wp:attachment":[{"href":"https:\/\/goldentouchnj.com\/es\/wp-json\/wp\/v2\/media?parent=3192"}],"curies":[{"name":"wp","href":"https:\/\/api.w.org\/{rel}","templated":true}]}}